  {"id":6512,"date":"2024-04-29T14:08:39","date_gmt":"2024-04-29T14:08:39","guid":{"rendered":"https:\/\/somcomunitats.coop\/?page_id=6512"},"modified":"2026-01-07T12:18:33","modified_gmt":"2026-01-07T12:18:33","slug":"entrar","status":"publish","type":"page","link":"https:\/\/somcomunitats.coop\/es\/entrar\/","title":{"rendered":"entrar"},"content":{"rendered":"\n<div class=\"wp-block-group alignfull is-style-no-padding is-layout-flow wp-block-group-is-layout-flow\" id=\"entrar\">\n<section class=\"wp-block-group is-style-no-padding is-style-default has-base-color has-main-background-color has-text-color has-background is-layout-flow wp-block-group-is-layout-flow\" style=\"margin-top:0;margin-bottom:0\">\n<div class=\"wp-block-group is-style-horizontal-padded is-layout-constrained wp-container-core-group-is-layout-5fb0786f wp-block-group-is-layout-constrained\">\n<div style=\"height:100px\" aria-hidden=\"true\" class=\"wp-block-spacer is-style-show-tablet-desktop\"><\/div>\n\n\n\n<div style=\"height:3rem\" aria-hidden=\"true\" class=\"wp-block-spacer is-style-show-mobile\"><\/div>\n\n\n\n<h2 class=\"wp-block-heading has-text-align-center has-base-color has-text-color\"><mark style=\"background-color:rgba(0, 0, 0, 0)\" class=\"has-inline-color has-brand-color\">Accede<\/mark> a las herramientas<\/h2>\n\n\n\n<h2 class=\"wp-block-heading has-text-align-center has-base-color has-text-color\">de Som Comunitats<\/h2>\n\n\n\n<div style=\"height:50px\" aria-hidden=\"true\" class=\"wp-block-spacer\"><\/div>\n\n\n\n<div class=\"wp-block-group is-content-justification-center is-nowrap is-layout-flex wp-container-core-group-is-layout-2fd0ea12 wp-block-group-is-layout-flex\" style=\"margin-bottom:var(--wp--preset--spacing--70)\">\n<div class=\"wp-block-group is-nowrap is-layout-flex wp-container-core-group-is-layout-c0d5ccf6 wp-block-group-is-layout-flex\">\n<figure class=\"wp-block-image size-full\" id=\"forum-img\"><a href=\"#forum\"><img loading=\"lazy\" decoding=\"async\" width=\"90\" height=\"90\" src=\"https:\/\/somcomunitats.coop\/wp-content\/uploads\/2024\/04\/somcomunitats1forum.png\" alt=\"\" class=\"wp-image-6261\"\/><\/a><\/figure>\n\n\n\n<div style=\"height:100px;width:0px\" aria-hidden=\"true\" class=\"wp-block-spacer wp-container-content-b30579f5\"><\/div>\n\n\n\n<figure class=\"wp-block-image size-full\" id=\"app-img\"><a href=\"#app\"><img loading=\"lazy\" decoding=\"async\" width=\"90\" height=\"90\" src=\"https:\/\/somcomunitats.coop\/wp-content\/uploads\/2024\/04\/somcomunitats1app.png\" alt=\"\" class=\"wp-image-6263\"\/><\/a><\/figure>\n\n\n\n<div style=\"height:100px;width:0px\" aria-hidden=\"true\" class=\"wp-block-spacer wp-container-content-b30579f5\"><\/div>\n\n\n\n<figure class=\"wp-block-image size-full\" id=\"gestio-img\"><a href=\"#gestio\"><img loading=\"lazy\" decoding=\"async\" width=\"90\" height=\"90\" src=\"https:\/\/somcomunitats.coop\/wp-content\/uploads\/2024\/04\/somcomunitats4gestio.png\" alt=\"\" class=\"wp-image-6265\"\/><\/a><\/figure>\n<\/div>\n<\/div>\n\n\n\n<div style=\"height:50px\" aria-hidden=\"true\" class=\"wp-block-spacer\"><\/div>\n<\/div>\n<\/section>\n\n\n\n<section class=\"wp-block-group is-style-no-padding is-layout-flow wp-block-group-is-layout-flow\">\n<div class=\"wp-block-columns is-layout-flex wp-container-core-columns-is-layout-2e14fe5f wp-block-columns-is-layout-flex\" id=\"forum\" style=\"padding-right:0;padding-left:0\">\n<div class=\"wp-block-column is-layout-flow wp-container-core-column-is-layout-b2a27621 wp-block-column-is-layout-flow\" style=\"padding-top:0;padding-right:0;padding-bottom:0;padding-left:0;flex-basis:50%\">\n<div class=\"wp-block-cover is-light\" style=\"min-height:600px;aspect-ratio:unset;\"><img loading=\"lazy\" decoding=\"async\" width=\"751\" height=\"700\" class=\"wp-block-cover__image-background wp-image-6267\" alt=\"\" src=\"https:\/\/somcomunitats.coop\/wp-content\/uploads\/2024\/04\/mockcup-forum-1forum-cover.png\" data-object-fit=\"cover\" srcset=\"https:\/\/somcomunitats.coop\/wp-content\/uploads\/2024\/04\/mockcup-forum-1forum-cover.png 751w, https:\/\/somcomunitats.coop\/wp-content\/uploads\/2024\/04\/mockcup-forum-1forum-cover-300x280.png 300w\" sizes=\"auto, (max-width: 751px) 100vw, 751px\" \/><span aria-hidden=\"true\" class=\"wp-block-cover__background has-background-dim-0 has-background-dim\"><\/span><div class=\"wp-block-cover__inner-container is-layout-constrained wp-block-cover-is-layout-constrained\">\n<p class=\"has-text-align-center has-large-font-size\"><\/p>\n<\/div><\/div>\n<\/div>\n\n\n\n<div class=\"wp-block-column is-vertically-aligned-stretch ce-forum-text-column is-style-horizontal-padded has-brand-background-color has-background is-layout-flow wp-container-core-column-is-layout-92d440f1 wp-block-column-is-layout-flow\" style=\"padding-top:0;padding-bottom:0;flex-basis:50%\">\n<div style=\"height:6rem\" aria-hidden=\"true\" class=\"wp-block-spacer\"><\/div>\n\n\n\n<div class=\"wp-block-group is-content-justification-left is-nowrap is-layout-flex wp-container-core-group-is-layout-0ce0a340 wp-block-group-is-layout-flex\">\n<figure class=\"wp-block-image size-full is-resized\"><img loading=\"lazy\" decoding=\"async\" width=\"90\" height=\"90\" src=\"https:\/\/somcomunitats.coop\/wp-content\/uploads\/2024\/04\/somcomunitats1forum.png\" alt=\"\" class=\"wp-image-6261\" style=\"object-fit:contain;width:72px;height:72px\"\/><\/figure>\n\n\n\n<h3 class=\"wp-block-heading has-base-color has-text-color\">Forum<\/h3>\n<\/div>\n\n\n\n<div style=\"height:30px\" aria-hidden=\"true\" class=\"wp-block-spacer\"><\/div>\n\n\n\n<p class=\"has-base-color has-text-color has-medium-font-size\"><strong>Conocimiento abierto a todo el mundo<\/strong><\/p>\n\n\n\n<div style=\"height:20px\" aria-hidden=\"true\" class=\"wp-block-spacer\"><\/div>\n\n\n\n<p class=\"has-base-color has-text-color has-link-color wp-elements-85c76256848fcb0f9e180721e3b771e7\">Pregunta, comparte y resuelve dudas de forma colectiva. Juntos podemos llegar m\u00e1s lejos y mejor.<\/p>\n\n\n\n<div style=\"height:50px\" aria-hidden=\"true\" class=\"wp-block-spacer\"><\/div>\n\n\n\n<div class=\"wp-block-buttons is-layout-flex wp-block-buttons-is-layout-flex\">\n<div class=\"wp-block-button\"><a class=\"wp-block-button__link wp-element-button\" href=\"https:\/\/forum.somcomunitats.coop\/\" target=\"_blank\" rel=\"noreferrer noopener\">Accede<\/a><\/div>\n<\/div>\n\n\n\n<div style=\"height:7rem\" aria-hidden=\"true\" class=\"wp-block-spacer\"><\/div>\n<\/div>\n<\/div>\n<\/section>\n\n\n\n<section class=\"wp-block-group is-style-no-padding is-layout-flow wp-container-core-group-is-layout-a77db08e wp-block-group-is-layout-flow\">\n<div class=\"wp-block-columns is-layout-flex wp-container-core-columns-is-layout-b7acd7fb wp-block-columns-is-layout-flex\" id=\"app\" style=\"margin-top:0;margin-bottom:0;padding-top:0;padding-right:0;padding-bottom:0;padding-left:0\">\n<div class=\"wp-block-column is-style-horizontal-padded has-second-base-ultra-light-background-color has-background is-layout-flow wp-block-column-is-layout-flow\" style=\"padding-top:0;padding-bottom:0;flex-basis:50%\">\n<div style=\"height:6rem\" aria-hidden=\"true\" class=\"wp-block-spacer\"><\/div>\n\n\n\n<div class=\"wp-block-group is-content-justification-left is-nowrap is-layout-flex wp-container-core-group-is-layout-69f13442 wp-block-group-is-layout-flex\" style=\"margin-top:0;margin-bottom:0\">\n<figure class=\"wp-block-image size-full is-resized\"><img loading=\"lazy\" decoding=\"async\" width=\"90\" height=\"90\" src=\"https:\/\/somcomunitats.coop\/wp-content\/uploads\/2024\/04\/somcomunitats1app.png\" alt=\"\" class=\"wp-image-6263\" style=\"object-fit:contain;width:72px;height:72px\"\/><\/figure>\n\n\n\n<div style=\"height:100px;width:0px\" aria-hidden=\"true\" class=\"wp-block-spacer wp-container-content-cf2db169\"><\/div>\n\n\n\n<h3 class=\"wp-block-heading has-main-color has-text-color\">App<\/h3>\n<\/div>\n\n\n\n<div style=\"height:30px;width:0px\" aria-hidden=\"true\" class=\"wp-block-spacer\"><\/div>\n\n\n\n<p class=\"has-typography-color has-text-color has-section-texts-font-size\"><strong>Para las personas socias de una comunidad<\/strong><\/p>\n\n\n\n<div style=\"height:10px\" aria-hidden=\"true\" class=\"wp-block-spacer\"><\/div>\n\n\n\n<p class=\"has-typography-color has-text-color has-small-font-size\">Si ya te has hecho socio\/a de tu Comunidad Energ\u00e9tica y esta forma parte de Som Comunitats, desc\u00e1rgate la app y entra a visualizar el impacto positivo que est\u00e1is generando. La app est\u00e1 disponible para m\u00f3viles. Si a\u00fan no te has sumado a ninguna Comunidad, <a href=\"https:\/\/somcomunitats.coop\/es\/#mapa\"><strong>encuentra la tuya en el mapa<\/strong><\/a>.<br><br>Descargar app: <\/p>\n\n\n\n<div class=\"wp-block-group is-content-justification-left is-nowrap is-layout-flex wp-container-core-group-is-layout-fc9f69e7 wp-block-group-is-layout-flex\">\n<figure class=\"wp-block-image size-full is-resized\"><a href=\"https:\/\/apps.apple.com\/es\/app\/som-comunitats\/id6748384288?l=ca\" target=\"_blank\" rel=\"noreferrer noopener\"><img loading=\"lazy\" decoding=\"async\" width=\"360\" height=\"104\" src=\"https:\/\/somcomunitats.coop\/wp-content\/uploads\/2024\/12\/appstore.png\" alt=\"\" class=\"wp-image-7611\" style=\"width:177px;height:auto\" srcset=\"https:\/\/somcomunitats.coop\/wp-content\/uploads\/2024\/12\/appstore.png 360w, https:\/\/somcomunitats.coop\/wp-content\/uploads\/2024\/12\/appstore-300x87.png 300w, https:\/\/somcomunitats.coop\/wp-content\/uploads\/2024\/12\/appstore-350x100.png 350w\" sizes=\"auto, (max-width: 360px) 100vw, 360px\" \/><\/a><\/figure>\n\n\n\n<figure class=\"wp-block-image size-full\"><a href=\"https:\/\/play.google.com\/store\/apps\/details?id=com.appsomcomunitats&amp;hl=ca\" target=\"_blank\" rel=\"noreferrer noopener\"><img loading=\"lazy\" decoding=\"async\" width=\"180\" height=\"52\" src=\"https:\/\/somcomunitats.coop\/wp-content\/uploads\/2024\/12\/googleplay.png\" alt=\"\" class=\"wp-image-7613\"\/><\/a><\/figure>\n<\/div>\n\n\n\n<div style=\"height:6rem;width:0px\" aria-hidden=\"true\" class=\"wp-block-spacer\"><\/div>\n<\/div>\n\n\n\n<div class=\"wp-block-column is-layout-flow wp-block-column-is-layout-flow\" style=\"padding-top:0;padding-right:0;padding-bottom:0;padding-left:0;flex-basis:50%\">\n<div class=\"wp-block-group is-style-no-padding wp-container-content-0733e5d0 is-layout-flow wp-block-group-is-layout-flow\">\n<div class=\"wp-block-cover is-light is-style-default\" style=\"margin-top:0;margin-bottom:0;min-height:700px;aspect-ratio:unset;\"><img loading=\"lazy\" decoding=\"async\" width=\"761\" height=\"702\" class=\"wp-block-cover__image-background wp-image-6271\" alt=\"\" src=\"https:\/\/somcomunitats.coop\/wp-content\/uploads\/2024\/04\/mockup-app-02-1app-cover.png\" data-object-fit=\"cover\" srcset=\"https:\/\/somcomunitats.coop\/wp-content\/uploads\/2024\/04\/mockup-app-02-1app-cover.png 761w, https:\/\/somcomunitats.coop\/wp-content\/uploads\/2024\/04\/mockup-app-02-1app-cover-300x277.png 300w\" sizes=\"auto, (max-width: 761px) 100vw, 761px\" \/><span aria-hidden=\"true\" class=\"wp-block-cover__background has-background-dim-0 has-background-dim\"><\/span><div class=\"wp-block-cover__inner-container is-layout-flow wp-block-cover-is-layout-flow\">\n<p class=\"has-text-align-center has-large-font-size\"><\/p>\n<\/div><\/div>\n<\/div>\n<\/div>\n<\/div>\n<\/section>\n\n\n\n<section class=\"wp-block-group is-style-no-padding is-layout-flow wp-block-group-is-layout-flow\">\n<div class=\"wp-block-columns is-layout-flex wp-container-core-columns-is-layout-4ea1b460 wp-block-columns-is-layout-flex\" id=\"gestio\" style=\"padding-top:0;padding-right:0;padding-bottom:0;padding-left:0\">\n<div class=\"wp-block-column is-layout-flow wp-container-core-column-is-layout-b2a27621 wp-block-column-is-layout-flow\" style=\"padding-top:0;padding-right:0;padding-bottom:0;padding-left:0;flex-basis:50%\">\n<div class=\"wp-block-group alignwide is-layout-constrained wp-block-group-is-layout-constrained\">\n<div class=\"wp-block-cover alignwide is-light\" style=\"margin-top:0;margin-bottom:0;padding-top:0;padding-right:0;padding-bottom:0;padding-left:0;min-height:700px;aspect-ratio:unset;\"><img loading=\"lazy\" decoding=\"async\" width=\"751\" height=\"703\" class=\"wp-block-cover__image-background wp-image-6289\" alt=\"\" src=\"https:\/\/somcomunitats.coop\/wp-content\/uploads\/2024\/04\/Mockup-odoo-3-1gestio-cover.png\" data-object-fit=\"cover\" srcset=\"https:\/\/somcomunitats.coop\/wp-content\/uploads\/2024\/04\/Mockup-odoo-3-1gestio-cover.png 751w, https:\/\/somcomunitats.coop\/wp-content\/uploads\/2024\/04\/Mockup-odoo-3-1gestio-cover-300x281.png 300w\" sizes=\"auto, (max-width: 751px) 100vw, 751px\" \/><span aria-hidden=\"true\" class=\"wp-block-cover__background has-background-dim-0 has-background-dim\"><\/span><div class=\"wp-block-cover__inner-container is-layout-constrained wp-container-core-cover-is-layout-6ab92954 wp-block-cover-is-layout-constrained\">\n<p class=\"has-text-align-center has-large-font-size\"><\/p>\n<\/div><\/div>\n<\/div>\n<\/div>\n\n\n\n<div class=\"wp-block-column is-layout-flow wp-block-column-is-layout-flow\" style=\"padding-top:0;padding-right:0;padding-bottom:0;padding-left:0;flex-basis:50%\">\n<div class=\"wp-block-group is-style-horizontal-padded is-layout-constrained wp-container-core-group-is-layout-19e250f3 wp-block-group-is-layout-constrained\">\n<div style=\"height:6rem\" aria-hidden=\"true\" class=\"wp-block-spacer\"><\/div>\n\n\n\n<div id=\"bloc-gestio\" class=\"wp-block-group is-content-justification-left is-nowrap is-layout-flex wp-container-core-group-is-layout-c3be667c wp-block-group-is-layout-flex\">\n<figure class=\"wp-block-image size-full is-resized\"><img loading=\"lazy\" decoding=\"async\" width=\"90\" height=\"90\" src=\"https:\/\/somcomunitats.coop\/wp-content\/uploads\/2024\/04\/somcomunitats4gestio.png\" alt=\"\" class=\"wp-image-6265\" style=\"object-fit:contain;width:72px;height:72px\"\/><\/figure>\n\n\n\n<div style=\"height:100px;width:0px\" aria-hidden=\"true\" class=\"wp-block-spacer wp-container-content-cf2db169\"><\/div>\n\n\n\n<h3 class=\"wp-block-heading has-main-color has-text-color\">\u00c1rea de gesti\u00f3n<\/h3>\n<\/div>\n\n\n\n<div style=\"height:30px\" aria-hidden=\"true\" class=\"wp-block-spacer\"><\/div>\n\n\n\n<p class=\"has-main-color has-text-color has-medium-font-size\"><strong>Para las personas administradoras de una Comunidad. <\/strong><\/p>\n\n\n\n<div style=\"height:20px\" aria-hidden=\"true\" class=\"wp-block-spacer\"><\/div>\n\n\n\n<p class=\"has-main-color has-text-color has-link-color wp-elements-b5b376f445d09a997b805c02ca643fce\">Podr\u00e1s gestionar aspectos de tu Comunidad Energ\u00e9tica como la contabilidad, la gesti\u00f3n societaria o la gesti\u00f3n administrativa de un autoconsumo colectivo, entre muchos otros. Cada Comunidad Energ\u00e9tica decide sus administradoras. Si eres la persona administradora de tu Comunidad, desde aqu\u00ed puedes acceder al \u00c1rea de Gesti\u00f3n:<\/p>\n\n\n\n<div style=\"height:50px\" aria-hidden=\"true\" class=\"wp-block-spacer\"><\/div>\n\n\n\n<div class=\"wp-block-buttons is-layout-flex wp-block-buttons-is-layout-flex\">\n<div class=\"wp-block-button\"><a class=\"wp-block-button__link wp-element-button\" href=\"https:\/\/erp-prod.somcomunitats.coop\/es\" target=\"_blank\" rel=\"noreferrer noopener\">Accede<\/a><\/div>\n<\/div>\n\n\n\n<div style=\"height:7rem\" aria-hidden=\"true\" class=\"wp-block-spacer\"><\/div>\n<\/div>\n<\/div>\n<\/div>\n<\/section>\n<\/div>\n","protected":false},"excerpt":{"rendered":"<p>Accede a las herramientas de Som Comunitats Forum Conocimiento abierto a todo el mundo Pregunta, comparte y resuelve dudas de forma colectiva. Juntos podemos llegar m\u00e1s lejos y mejor. App Para las personas socias de una comunidad Si ya te has hecho socio\/a de tu Comunidad Energ\u00e9tica y esta forma parte de Som Comunitats, desc\u00e1rgate [&hellip;]<\/p>\n","protected":false},"author":5,"featured_media":0,"parent":0,"menu_order":0,"comment_status":"closed","ping_status":"closed","template":"","meta":{"footnotes":""},"class_list":["post-6512","page","type-page","status-publish","hentry"],"_links":{"self":[{"href":"https:\/\/somcomunitats.coop\/es\/wp-json\/wp\/v2\/pages\/6512","targetHints":{"allow":["GET"]}}],"collection":[{"href":"https:\/\/somcomunitats.coop\/es\/wp-json\/wp\/v2\/pages"}],"about":[{"href":"https:\/\/somcomunitats.coop\/es\/wp-json\/wp\/v2\/types\/page"}],"author":[{"embeddable":true,"href":"https:\/\/somcomunitats.coop\/es\/wp-json\/wp\/v2\/users\/5"}],"replies":[{"embeddable":true,"href":"https:\/\/somcomunitats.coop\/es\/wp-json\/wp\/v2\/comments?post=6512"}],"version-history":[{"count":17,"href":"https:\/\/somcomunitats.coop\/es\/wp-json\/wp\/v2\/pages\/6512\/revisions"}],"predecessor-version":[{"id":11990,"href":"https:\/\/somcomunitats.coop\/es\/wp-json\/wp\/v2\/pages\/6512\/revisions\/11990"}],"wp:attachment":[{"href":"https:\/\/somcomunitats.coop\/es\/wp-json\/wp\/v2\/media?parent=6512"}],"curies":[{"name":"wp","href":"https:\/\/api.w.org\/{rel}","templated":true}]}}